{"id":958,"date":"2018-06-27T18:22:39","date_gmt":"2018-06-27T16:22:39","guid":{"rendered":"http:\/\/www.mbc.net.pl\/?page_id=958"},"modified":"2023-09-08T12:46:19","modified_gmt":"2023-09-08T10:46:19","slug":"op-kierownik-robot-sanitarnych-hvac","status":"publish","type":"page","link":"https:\/\/www.mbc.pl\/index.php\/op-kierownik-robot-sanitarnych-hvac\/","title":{"rendered":"OFERTA PRACY &#8211; Kierownik Rob\u00f3t sanitarnych HVAC"},"content":{"rendered":"<h5 style=\"text-align: center;\"><strong>MBC Sp. z o. o.<\/strong><\/h5>\n<p style=\"text-align: center;\">prowadz\u0105ca dzia\u0142alno\u015b\u0107 projektowo &#8211; wykonawcz\u0105 w bran\u017cy HVAC oraz automatyki i BMS, realizuj\u0105ca innowacyjne rozwi\u0105zania w obiektach biurowych, hotelowych i s\u0142u\u017cby zdrowia poszukuje do swojego zespo\u0142u specjalisty na stanowisko:<\/p>\n<h5 style=\"text-align: center; font-size: 200%;\"><strong>Kierownik Rob\u00f3t SANITARNYCH HVAC<\/strong><\/h5>\n<h5 style=\"text-align: center;\"><strong>DO\u0141\u0104CZ DO NASZEGO ZESPO\u0141U!<\/strong><\/h5>\n<p><strong>\u00a0<\/strong><\/p>\n<h5 style=\"text-align: left;\"><strong>Do Twoich obowi\u0105zk\u00f3w w MBC nale\u017ce\u0107 b\u0119dzie:<\/strong><\/h5>\n<ul>\n<li>wsp\u00f3\u0142pracy z firmami podwykonawczymi;<\/li>\n<li>nadzoru technicznego i jako\u015bciowego nad realizacj\u0105 rob\u00f3t;<\/li>\n<li>kontroli jako\u015bci i terminowo\u015bci wykonanych prac;<\/li>\n<li>zamawianiu materia\u0142\u00f3w i sprz\u0119tu na budow\u0119;<\/li>\n<li>przygotowaniu dokumentacji odbiorowej oraz innych dokument\u00f3w niezb\u0119dnych w czasie trwania inwestycji;<\/li>\n<li>udziale we wszelkiego rodzaju uruchomieniach, pomiarach, odbiorach.<\/li>\n<\/ul>\n<h5 style=\"text-align: left;\"><strong>Oczekujemy od Ciebie:<\/strong><\/h5>\n<ul>\n<li>wykszta\u0142cenia wy\u017cszego o specjalno\u015bci ogrzewnictwo, wentylacja, klimatyzacja (lub pokrewne);<\/li>\n<li>oko\u0142o dwuletniego praktycznego do\u015bwiadczenia w prowadzeniu prac instalacyjnych;<\/li>\n<li>mile widziane b\u0119d\u0105 uprawnienia do kierowania robotami w zakresie instalacji sanitarnych;<\/li>\n<li>umiej\u0119tno\u015bci poruszania si\u0119 w \u015brodowisku MS Office i AutoCAD;<\/li>\n<li>ch\u0119ci do podejmowania nowych wyzwa\u0144 i w\u0142asnego rozwoju;<\/li>\n<li>gotowo\u015bci do pracy w delegacji (do ustalenia).<\/li>\n<\/ul>\n<h5 style=\"text-align: left;\"><strong>Ze swojej strony zapewniamy:<\/strong><\/h5>\n<ul>\n<li>umow\u0119 o prac\u0119 \u2013 jest u nas w standardzie!<\/li>\n<li>wynagrodzenie adekwatne do umiej\u0119tno\u015bci i zaanga\u017cowania \u2013 to Ty kreujesz swoje zarobki!<\/li>\n<li>jasno okre\u015blon\u0105 \u015bcie\u017ck\u0119 awansu zawodowego \u2013 masz szans\u0119 si\u0119 wykaza\u0107!<\/li>\n<li>pakiet benefit\u00f3w pozap\u0142acowych: ubezpieczenie na \u017cycie wsp\u00f3\u0142finansowane przez pracodawc\u0119, paczki \u015bwi\u0105teczne, szkolenia, itp.<\/li>\n<li>przygotowanie do zdobycia uprawnie\u0144 budowlanych,<\/li>\n<li>przyjazn\u0105 atmosfer\u0119 i mo\u017cliwo\u015b\u0107 rozwoju oraz pomocn\u0105 d\u0142o\u0144 kiedy b\u0119dziesz jej potrzebowa\u0107!<\/li>\n<\/ul>\n<p><strong>\u00a0<\/strong><\/p>\n<h5 style=\"text-align: center;\"><strong>B\u0105d\u017a razem z nami! O krok przed innymi! <\/strong><\/h5>\n<h5 style=\"text-align: center;\"><strong>Aplikuj i do\u0142\u0105cz do zespo\u0142u MBC!<\/strong><\/h5>\n<p style=\"text-align: center;\"><a href=\"mailto:praca@mbc.pl\"><strong>praca@mbc.pl<\/strong><\/a><\/p>\n","protected":false},"excerpt":{"rendered":"<p>MBC Sp. z o. o. prowadz\u0105ca dzia\u0142alno\u015b\u0107 projektowo &#8211; wykonawcz\u0105 w bran\u017cy HVAC oraz automatyki i BMS, realizuj\u0105ca innowacyjne rozwi\u0105zania w obiektach biurowych, hotelowych i s\u0142u\u017cby zdrowia poszukuje do swojego &#8230;<\/p>\n","protected":false},"author":1,"featured_media":0,"parent":0,"menu_order":0,"comment_status":"closed","ping_status":"closed","template":"","meta":{"footnotes":""},"_links":{"self":[{"href":"https:\/\/www.mbc.pl\/index.php\/wp-json\/wp\/v2\/pages\/958"}],"collection":[{"href":"https:\/\/www.mbc.pl\/index.php\/wp-json\/wp\/v2\/pages"}],"about":[{"href":"https:\/\/www.mbc.pl\/index.php\/wp-json\/wp\/v2\/types\/page"}],"author":[{"embeddable":true,"href":"https:\/\/www.mbc.pl\/index.php\/wp-json\/wp\/v2\/users\/1"}],"replies":[{"embeddable":true,"href":"https:\/\/www.mbc.pl\/index.php\/wp-json\/wp\/v2\/comments?post=958"}],"version-history":[{"count":15,"href":"https:\/\/www.mbc.pl\/index.php\/wp-json\/wp\/v2\/pages\/958\/revisions"}],"predecessor-version":[{"id":2281,"href":"https:\/\/www.mbc.pl\/index.php\/wp-json\/wp\/v2\/pages\/958\/revisions\/2281"}],"wp:attachment":[{"href":"https:\/\/www.mbc.pl\/index.php\/wp-json\/wp\/v2\/media?parent=958"}],"curies":[{"name":"wp","href":"https:\/\/api.w.org\/{rel}","templated":true}]}}