{"id":48,"date":"2016-03-25T10:34:54","date_gmt":"2016-03-25T09:34:54","guid":{"rendered":"http:\/\/beta.cirocki.pl\/?page_id=48"},"modified":"2025-12-15T15:40:20","modified_gmt":"2025-12-15T14:40:20","slug":"kontakt-dzial-serwisow-i-pomiarow","status":"publish","type":"page","link":"https:\/\/www.mbc.pl\/index.php\/kontakt-dzial-serwisow-i-pomiarow\/","title":{"rendered":"kontakt &#8211; DZIA\u0141 SERWIS\u00d3W I POMIAR\u00d3W"},"content":{"rendered":"<h5><\/h5>\n<h5 style=\"text-align: center;\">DZIA\u0141 SERWIS\u00d3W I POMIAR\u00d3W<\/h5>\n<p style=\"text-align: center;\">Kierownik dzia\u0142u serwis\u00f3w i pomiar\u00f3w<br \/>\nmgr in\u017c. Tomasz Rybacki<br \/>\ne-mail: <a href=\"mailto:serwis@mbc.pl\">@<\/a><\/p>\n<p style=\"text-align: center;\">tel. 32 720 33 00<\/p>\n","protected":false},"excerpt":{"rendered":"<p>DZIA\u0141 SERWIS\u00d3W I POMIAR\u00d3W Kierownik dzia\u0142u serwis\u00f3w i pomiar\u00f3w mgr in\u017c. Tomasz Rybacki e-mail: @ tel. 32 720 33 00<\/p>\n","protected":false},"author":1,"featured_media":0,"parent":0,"menu_order":0,"comment_status":"closed","ping_status":"closed","template":"","meta":{"footnotes":""},"_links":{"self":[{"href":"https:\/\/www.mbc.pl\/index.php\/wp-json\/wp\/v2\/pages\/48"}],"collection":[{"href":"https:\/\/www.mbc.pl\/index.php\/wp-json\/wp\/v2\/pages"}],"about":[{"href":"https:\/\/www.mbc.pl\/index.php\/wp-json\/wp\/v2\/types\/page"}],"author":[{"embeddable":true,"href":"https:\/\/www.mbc.pl\/index.php\/wp-json\/wp\/v2\/users\/1"}],"replies":[{"embeddable":true,"href":"https:\/\/www.mbc.pl\/index.php\/wp-json\/wp\/v2\/comments?post=48"}],"version-history":[{"count":10,"href":"https:\/\/www.mbc.pl\/index.php\/wp-json\/wp\/v2\/pages\/48\/revisions"}],"predecessor-version":[{"id":2481,"href":"https:\/\/www.mbc.pl\/index.php\/wp-json\/wp\/v2\/pages\/48\/revisions\/2481"}],"wp:attachment":[{"href":"https:\/\/www.mbc.pl\/index.php\/wp-json\/wp\/v2\/media?parent=48"}],"curies":[{"name":"wp","href":"https:\/\/api.w.org\/{rel}","templated":true}]}}