{"id":29,"date":"2016-03-25T09:22:36","date_gmt":"2016-03-25T08:22:36","guid":{"rendered":"http:\/\/beta.cirocki.pl\/?page_id=29"},"modified":"2017-07-05T15:26:06","modified_gmt":"2017-07-05T13:26:06","slug":"dzial-realizacji-inwestycji","status":"publish","type":"page","link":"https:\/\/www.mbc.pl\/index.php\/dzial-realizacji-inwestycji\/","title":{"rendered":"DZIA\u0141 REALIZACJI INWESTYCJI"},"content":{"rendered":"<h5>\u00a0<strong>zadania dzia\u0142u:<\/strong><\/h5>\n<ul>\n<li>prowadzenie prac instalacyjnych na budowach, w tym:<\/li>\n<\/ul>\n<p style=\"padding-left: 60px;\">&#8211; instalacje wentylacji i klimatyzacji<\/p>\n<p style=\"padding-left: 60px;\">&#8211; instalacje ogrzewania, kot\u0142owni, wymiennika ciep\u0142a i ch\u0142odu<\/p>\n<p style=\"padding-left: 60px;\">&#8211; instalacje wodno \u2013 kanalizacyjne<\/p>\n<p style=\"padding-left: 60px;\">&#8211; sieci i przy\u0142\u0105cza<\/p>\n<p style=\"padding-left: 60px;\">&#8211; \u017ar\u00f3d\u0142a ciep\u0142a i ch\u0142odu (kot\u0142ownie, wymiennikownie i pompy ciep\u0142a)<\/p>\n<p style=\"padding-left: 60px;\">&#8211; \u017ar\u00f3d\u0142a skojarzone w tym kogeneracjia i trigeneracja<\/p>\n<ul>\n<li>prowadzenie gospodarki narz\u0119dziowej i floty<\/li>\n<li>analiza finansowa i jako\u015bciowa realizowanych bud\u00f3w<\/li>\n<\/ul>\n","protected":false},"excerpt":{"rendered":"<p>\u00a0zadania dzia\u0142u: prowadzenie prac instalacyjnych na budowach, w tym: &#8211; instalacje wentylacji i klimatyzacji &#8211; instalacje ogrzewania, kot\u0142owni, wymiennika ciep\u0142a i ch\u0142odu &#8211; instalacje wodno \u2013 kanalizacyjne &#8211; sieci i &#8230;<\/p>\n","protected":false},"author":1,"featured_media":0,"parent":0,"menu_order":0,"comment_status":"closed","ping_status":"closed","template":"","meta":{"footnotes":""},"_links":{"self":[{"href":"https:\/\/www.mbc.pl\/index.php\/wp-json\/wp\/v2\/pages\/29"}],"collection":[{"href":"https:\/\/www.mbc.pl\/index.php\/wp-json\/wp\/v2\/pages"}],"about":[{"href":"https:\/\/www.mbc.pl\/index.php\/wp-json\/wp\/v2\/types\/page"}],"author":[{"embeddable":true,"href":"https:\/\/www.mbc.pl\/index.php\/wp-json\/wp\/v2\/users\/1"}],"replies":[{"embeddable":true,"href":"https:\/\/www.mbc.pl\/index.php\/wp-json\/wp\/v2\/comments?post=29"}],"version-history":[{"count":2,"href":"https:\/\/www.mbc.pl\/index.php\/wp-json\/wp\/v2\/pages\/29\/revisions"}],"predecessor-version":[{"id":756,"href":"https:\/\/www.mbc.pl\/index.php\/wp-json\/wp\/v2\/pages\/29\/revisions\/756"}],"wp:attachment":[{"href":"https:\/\/www.mbc.pl\/index.php\/wp-json\/wp\/v2\/media?parent=29"}],"curies":[{"name":"wp","href":"https:\/\/api.w.org\/{rel}","templated":true}]}}