{"id":27,"date":"2016-03-25T09:21:11","date_gmt":"2016-03-25T08:21:11","guid":{"rendered":"http:\/\/beta.cirocki.pl\/?page_id=27"},"modified":"2017-07-06T08:39:23","modified_gmt":"2017-07-06T06:39:23","slug":"dzial-projektowy","status":"publish","type":"page","link":"https:\/\/www.mbc.pl\/index.php\/dzial-projektowy\/","title":{"rendered":"DZIA\u0141 PROJEKTOWY"},"content":{"rendered":"<h5>ZADANIA DZIA\u0141U:<\/h5>\n<ul>\n<li>wykonywanie projekt\u00f3w w zakresie projekt\u00f3w budowlanych i projekt\u00f3w wykonawczych<\/li>\n<li>wykonywanie koncepcji technicznych zawieraj\u0105cych koszty inwestycyjne i\/lub eksploatacyjne<\/li>\n<li>wykonywanie opinii technicznych<\/li>\n<li>pe\u0142nienie nadzor\u00f3w projektowych<\/li>\n<\/ul>\n","protected":false},"excerpt":{"rendered":"<p>ZADANIA DZIA\u0141U: wykonywanie projekt\u00f3w w zakresie projekt\u00f3w budowlanych i projekt\u00f3w wykonawczych wykonywanie koncepcji technicznych zawieraj\u0105cych koszty inwestycyjne i\/lub eksploatacyjne wykonywanie opinii technicznych pe\u0142nienie nadzor\u00f3w projektowych<\/p>\n","protected":false},"author":1,"featured_media":0,"parent":0,"menu_order":0,"comment_status":"closed","ping_status":"closed","template":"","meta":{"footnotes":""},"_links":{"self":[{"href":"https:\/\/www.mbc.pl\/index.php\/wp-json\/wp\/v2\/pages\/27"}],"collection":[{"href":"https:\/\/www.mbc.pl\/index.php\/wp-json\/wp\/v2\/pages"}],"about":[{"href":"https:\/\/www.mbc.pl\/index.php\/wp-json\/wp\/v2\/types\/page"}],"author":[{"embeddable":true,"href":"https:\/\/www.mbc.pl\/index.php\/wp-json\/wp\/v2\/users\/1"}],"replies":[{"embeddable":true,"href":"https:\/\/www.mbc.pl\/index.php\/wp-json\/wp\/v2\/comments?post=27"}],"version-history":[{"count":2,"href":"https:\/\/www.mbc.pl\/index.php\/wp-json\/wp\/v2\/pages\/27\/revisions"}],"predecessor-version":[{"id":759,"href":"https:\/\/www.mbc.pl\/index.php\/wp-json\/wp\/v2\/pages\/27\/revisions\/759"}],"wp:attachment":[{"href":"https:\/\/www.mbc.pl\/index.php\/wp-json\/wp\/v2\/media?parent=27"}],"curies":[{"name":"wp","href":"https:\/\/api.w.org\/{rel}","templated":true}]}}