{"id":20,"date":"2016-03-25T09:07:48","date_gmt":"2016-03-25T08:07:48","guid":{"rendered":"http:\/\/beta.cirocki.pl\/?page_id=20"},"modified":"2016-03-25T09:07:48","modified_gmt":"2016-03-25T08:07:48","slug":"pasja","status":"publish","type":"page","link":"https:\/\/www.mbc.pl\/index.php\/pasja\/","title":{"rendered":"PASJA"},"content":{"rendered":"<p>Praca jest dla nas pasj\u0105, rodzajem pozytywnej energii, kt\u00f3ra ka\u017cdego dnia przy\u015bpiesza rozw\u00f3j naszej firmy.<\/p>\n","protected":false},"excerpt":{"rendered":"<p>Praca jest dla nas pasj\u0105, rodzajem pozytywnej energii, kt\u00f3ra ka\u017cdego dnia przy\u015bpiesza rozw\u00f3j naszej firmy.<\/p>\n","protected":false},"author":1,"featured_media":0,"parent":0,"menu_order":0,"comment_status":"closed","ping_status":"closed","template":"","meta":{"footnotes":""},"_links":{"self":[{"href":"https:\/\/www.mbc.pl\/index.php\/wp-json\/wp\/v2\/pages\/20"}],"collection":[{"href":"https:\/\/www.mbc.pl\/index.php\/wp-json\/wp\/v2\/pages"}],"about":[{"href":"https:\/\/www.mbc.pl\/index.php\/wp-json\/wp\/v2\/types\/page"}],"author":[{"embeddable":true,"href":"https:\/\/www.mbc.pl\/index.php\/wp-json\/wp\/v2\/users\/1"}],"replies":[{"embeddable":true,"href":"https:\/\/www.mbc.pl\/index.php\/wp-json\/wp\/v2\/comments?post=20"}],"version-history":[{"count":0,"href":"https:\/\/www.mbc.pl\/index.php\/wp-json\/wp\/v2\/pages\/20\/revisions"}],"wp:attachment":[{"href":"https:\/\/www.mbc.pl\/index.php\/wp-json\/wp\/v2\/media?parent=20"}],"curies":[{"name":"wp","href":"https:\/\/api.w.org\/{rel}","templated":true}]}}