{"id":1726,"date":"2023-09-06T12:24:41","date_gmt":"2023-09-06T10:24:41","guid":{"rendered":"https:\/\/www.mbc.pl\/?page_id=1726"},"modified":"2023-09-08T12:46:17","modified_gmt":"2023-09-08T10:46:17","slug":"op_inzynier_budowy_ds_sanitarnych","status":"publish","type":"page","link":"https:\/\/www.mbc.pl\/index.php\/op_inzynier_budowy_ds_sanitarnych\/","title":{"rendered":"OFERTA PRACY &#8211; In\u017cynier budowy ds. sanitarnych"},"content":{"rendered":"<h5 style=\"text-align: center;\"><strong>MBC Sp. z o. o.<\/strong><\/h5>\n<p style=\"text-align: center;\">prowadz\u0105ca dzia\u0142alno\u015b\u0107 projektowo &#8211; wykonawcz\u0105 w bran\u017cy HVAC oraz automatyki i BMS, realizuj\u0105ca innowacyjne rozwi\u0105zania w obiektach biurowych, hotelowych i s\u0142u\u017cby zdrowia poszukuje do swojego zespo\u0142u specjalisty na stanowisko:<\/p>\n<h5 style=\"text-align: center; font-size: 200%;\"><strong>In\u017cynier budowy ds. sanitarnych<\/strong><\/h5>\n<h5 style=\"text-align: center;\"><strong>DO\u0141\u0104CZ DO NASZEGO ZESPO\u0141U! <\/strong><\/h5>\n<p>&nbsp;<\/p>\n<h5 style=\"text-align: left;\"><strong>Do Twoich obowi\u0105zk\u00f3w w MBC nale\u017ce\u0107 b\u0119dzie:<\/strong><\/h5>\n<ul style=\"text-align: left;\">\n<li>wsparcie kierownika rob\u00f3t w organizacji i koordynacji prac na budowie;<\/li>\n<li>wsp\u00f3\u0142praca z firmami wykonawczymi;<\/li>\n<li>nadz\u00f3r techniczny i jako\u015bciowy nad realizacj\u0105 rob\u00f3t;<\/li>\n<li>kontrola jako\u015bci i terminowo\u015bci wykonanych prac;<\/li>\n<li>zamawianie materia\u0142\u00f3w i sprz\u0119tu na budow\u0119;<\/li>\n<li>przygotowanie dokumentacji odbiorowej oraz innych dokument\u00f3w niezb\u0119dnych w czasie trwania inwestycji;<\/li>\n<li>udzia\u0142 we wszelkiego rodzaju uruchomieniach, pomiarach, regulacjach i odbiorach.<\/li>\n<\/ul>\n<h5 style=\"text-align: left;\"><strong>Oczekujemy od Ciebie:<\/strong><\/h5>\n<ul style=\"text-align: left;\">\n<li>wykszta\u0142cenia wy\u017cszego in\u017cynierskiego lub magisterskiego o specjalno\u015bci ogrzewnictwo, wentylacja, klimatyzacja (lub pokrewnego) lub w trakcie studi\u00f3w;<\/li>\n<li>praktyczne do\u015bwiadczenie w prowadzeniu prac instalacyjnych \u2013 mile widziane;<\/li>\n<li>znajomo\u015bci \u015brodowiska MS Office i AutoCAD;<\/li>\n<li>umiej\u0119tno\u015bci czytania dokumentacji projektowej oraz znajomo\u015bci zagadnie\u0144 bran\u017cowych;<\/li>\n<li>ch\u0119ci do podejmowania nowych wyzwa\u0144 i w\u0142asnego rozwoju;<\/li>\n<li>prawo jazdy kat. B<\/li>\n<li>zaanga\u017cowania, odpowiedzialno\u015bci, elastyczno\u015bci i dyspozycyjno\u015bci.<\/li>\n<\/ul>\n<h5 style=\"text-align: left;\"><strong>Ze swojej strony zapewniamy:<\/strong><\/h5>\n<ul style=\"text-align: left;\">\n<li>umow\u0119 o prac\u0119 \u2013 jest u nas w standardzie!<\/li>\n<li>wynagrodzenie adekwatne do umiej\u0119tno\u015bci i zaanga\u017cowania \u2013 to Ty kreujesz swoje zarobki!<\/li>\n<li>jasno okre\u015blon\u0105 \u015bcie\u017ck\u0119 awansu zawodowego \u2013 masz szans\u0119 si\u0119 wykaza\u0107!<\/li>\n<li>pakiet benefit\u00f3w pozap\u0142acowych: ubezpieczenie na \u017cycie wsp\u00f3\u0142finansowane przez pracodawc\u0119, paczki \u015bwi\u0105teczne, szkolenia, itp.<\/li>\n<li>przygotowanie do zdobycia uprawnie\u0144 budowlanych,<\/li>\n<li>przyjazn\u0105 atmosfer\u0119 i mo\u017cliwo\u015b\u0107 rozwoju oraz pomocn\u0105 d\u0142o\u0144 kiedy b\u0119dziesz jej potrzebowa\u0107!<\/li>\n<\/ul>\n<p>&nbsp;<\/p>\n<h5 style=\"text-align: center;\"><strong>B\u0105d\u017a razem z nami! O krok przed innymi! <\/strong><\/h5>\n<h5 style=\"text-align: center;\"><strong>Aplikuj i do\u0142\u0105cz do zespo\u0142u MBC!<\/strong><\/h5>\n<p style=\"text-align: center;\"><a href=\"mailto:praca@mbc.pl\"><strong>praca@mbc.pl<\/strong><\/a><\/p>\n","protected":false},"excerpt":{"rendered":"<p>MBC Sp. z o. o. prowadz\u0105ca dzia\u0142alno\u015b\u0107 projektowo &#8211; wykonawcz\u0105 w bran\u017cy HVAC oraz automatyki i BMS, realizuj\u0105ca innowacyjne rozwi\u0105zania w obiektach biurowych, hotelowych i s\u0142u\u017cby zdrowia poszukuje do swojego &#8230;<\/p>\n","protected":false},"author":1,"featured_media":0,"parent":0,"menu_order":0,"comment_status":"closed","ping_status":"closed","template":"","meta":{"footnotes":""},"_links":{"self":[{"href":"https:\/\/www.mbc.pl\/index.php\/wp-json\/wp\/v2\/pages\/1726"}],"collection":[{"href":"https:\/\/www.mbc.pl\/index.php\/wp-json\/wp\/v2\/pages"}],"about":[{"href":"https:\/\/www.mbc.pl\/index.php\/wp-json\/wp\/v2\/types\/page"}],"author":[{"embeddable":true,"href":"https:\/\/www.mbc.pl\/index.php\/wp-json\/wp\/v2\/users\/1"}],"replies":[{"embeddable":true,"href":"https:\/\/www.mbc.pl\/index.php\/wp-json\/wp\/v2\/comments?post=1726"}],"version-history":[{"count":6,"href":"https:\/\/www.mbc.pl\/index.php\/wp-json\/wp\/v2\/pages\/1726\/revisions"}],"predecessor-version":[{"id":1800,"href":"https:\/\/www.mbc.pl\/index.php\/wp-json\/wp\/v2\/pages\/1726\/revisions\/1800"}],"wp:attachment":[{"href":"https:\/\/www.mbc.pl\/index.php\/wp-json\/wp\/v2\/media?parent=1726"}],"curies":[{"name":"wp","href":"https:\/\/api.w.org\/{rel}","templated":true}]}}