{"id":1612,"date":"2022-03-25T21:49:48","date_gmt":"2022-03-25T20:49:48","guid":{"rendered":"https:\/\/www.mbc.net.pl\/?page_id=1612"},"modified":"2023-11-21T15:09:39","modified_gmt":"2023-11-21T14:09:39","slug":"przetargi","status":"publish","type":"page","link":"https:\/\/www.mbc.pl\/index.php\/przetargi\/","title":{"rendered":"PRZETARGI"},"content":{"rendered":"<h5 style=\"text-align: center;\"><strong><img loading=\"lazy\" decoding=\"async\" class=\"size-full wp-image-1624 aligncenter\" src=\"https:\/\/www.mbc.pl\/wp-content\/uploads\/2022\/03\/EFRR_kolor_poziom_rgb.png\" alt=\"\" width=\"1261\" height=\"127\" srcset=\"https:\/\/www.mbc.pl\/wp-content\/uploads\/2022\/03\/EFRR_kolor_poziom_rgb.png 1261w, https:\/\/www.mbc.pl\/wp-content\/uploads\/2022\/03\/EFRR_kolor_poziom_rgb-300x30.png 300w, https:\/\/www.mbc.pl\/wp-content\/uploads\/2022\/03\/EFRR_kolor_poziom_rgb-1024x103.png 1024w, https:\/\/www.mbc.pl\/wp-content\/uploads\/2022\/03\/EFRR_kolor_poziom_rgb-768x77.png 768w\" sizes=\"(max-width: 1261px) 100vw, 1261px\" \/><br \/>\nMBC Sp\u00f3\u0142ka z ograniczon\u0105 odpowiedzialno\u015bci\u0105 sp\u00f3\u0142ka komandytowa<\/strong><br \/>\nw zwi\u0105zku z realizacj\u0105 projektu dofinansowanego z Funduszy Europejskich pn:<\/h5>\n<p style=\"text-align: center;\"><strong>&#8222;Dostarczenie, instalacja i wdro\u017cenie oprogramowania do zarz\u0105dzania procesami w<br \/>\nPrzedsi\u0119biorstwie Zamawiaj\u0105cego&#8221;<\/strong><\/p>\n<p style=\"text-align: center;\">og\u0142asza przed\u0142u\u017cenie post\u0119powania ofertowego nr 2\/EFRR\/3.2\/2022 z dn. 13.12.2022r. zgodne z zasad\u0105 konkurencyjno\u015bci okre\u015blon\u0105 w Wytycznych z dnia 22 sierpnia 2019 r. w zakresie kwalifikowalno\u015bci wydatk\u00f3w<br \/>\nw ramach Europejskiego Funduszu Rozwoju Regionalnego, Europejskiego Funduszu spo\u0142ecznego<br \/>\noraz Funduszu Sp\u00f3jno\u015bci na lata 2014 &#8211; 2020<\/p>\n<p style=\"text-align: center;\">Zapraszamy do sk\u0142adania ofert.<\/p>\n<p style=\"text-align: center;\"><strong>Nowy termin zg\u0142aszania ofert: 27.12.2022r. do godziny 14:00.<\/strong><\/p>\n<p style=\"text-align: center;\">Szczeg\u00f3\u0142y dotycz\u0105ce przed\u0142u\u017cenia post\u0119powania dost\u0119pne s\u0105 pod linkami:<\/p>\n<p style=\"text-align: left; padding-left: 160px;\"><a href=\"https:\/\/www.mbc.pl\/wp-content\/uploads\/2022\/12\/Zapytanie-ofertowe-22.12.2022-wydluzenie-terminu-skladania-ofert-do-27.12.2022-godz.-14.00.docx\">1. Nowe Zapytanie ofertowe z dn. 22.12.2022<\/a><\/p>\n<hr \/>\n<p style=\"text-align: center;\"><img loading=\"lazy\" decoding=\"async\" class=\"size-full wp-image-1624 aligncenter\" src=\"https:\/\/www.mbc.pl\/wp-content\/uploads\/2022\/03\/EFRR_kolor_poziom_rgb.png\" alt=\"\" width=\"1261\" height=\"127\" srcset=\"https:\/\/www.mbc.pl\/wp-content\/uploads\/2022\/03\/EFRR_kolor_poziom_rgb.png 1261w, https:\/\/www.mbc.pl\/wp-content\/uploads\/2022\/03\/EFRR_kolor_poziom_rgb-300x30.png 300w, https:\/\/www.mbc.pl\/wp-content\/uploads\/2022\/03\/EFRR_kolor_poziom_rgb-1024x103.png 1024w, https:\/\/www.mbc.pl\/wp-content\/uploads\/2022\/03\/EFRR_kolor_poziom_rgb-768x77.png 768w\" sizes=\"(max-width: 1261px) 100vw, 1261px\" \/><\/p>\n<h5 style=\"text-align: center;\"><strong><br \/>\nMBC Sp\u00f3\u0142ka z ograniczon\u0105 odpowiedzialno\u015bci\u0105 sp\u00f3\u0142ka komandytowa<\/strong><br \/>\nw zwi\u0105zku z realizacj\u0105 projektu dofinansowanego z Funduszy Europejskich pn:<\/h5>\n<p style=\"text-align: center;\"><strong>&#8222;Dostarczenie, instalacja i wdro\u017cenie oprogramowania do zarz\u0105dzania procesami w<br \/>\nPrzedsi\u0119biorstwie Zamawiaj\u0105cego&#8221;<\/strong><\/p>\n<p style=\"text-align: center;\">og\u0142asza post\u0119powanie ofertowe nr 2\/EFRR\/3.2\/2022 z dn. 13.12.2022r. zgodne z zasad\u0105 konkurencyjno\u015bci okre\u015blon\u0105<br \/>\nw Wytycznych z dnia 22 sierpnia 2019 r. w zakresie kwalifikowalno\u015bci wydatk\u00f3w<br \/>\nw ramach Europejskiego Funduszu Rozwoju Regionalnego, Europejskiego Funduszu spo\u0142ecznego<br \/>\noraz Funduszu Sp\u00f3jno\u015bci na lata 2014 &#8211; 2020<\/p>\n<p style=\"text-align: center;\">Zapraszamy do sk\u0142adania ofert.<\/p>\n<p style=\"text-align: center;\"><strong>Termin zg\u0142aszania ofert: 23.12.2022r. do godziny 16:00.<\/strong><\/p>\n<p style=\"text-align: center;\">Szczeg\u00f3\u0142y dotycz\u0105ce post\u0119powania dost\u0119pne s\u0105 pod linkami:<\/p>\n<p style=\"text-align: left; padding-left: 160px;\">1. <a href=\"https:\/\/www.mbc.pl\/wp-content\/uploads\/2022\/12\/Zapytanie-ofertowe-13.12.2022.pdf\">Zapytanie ofertowe 13.12.2022<\/a><br \/>\n2. <a href=\"https:\/\/www.mbc.pl\/wp-content\/uploads\/2022\/12\/Zalacznik-nr-1-Opis-techniczny-systemu-i-funkcjonalnosci.pdf\">Za\u0142\u0105cznik nr 1 Opis techniczny systemu i funkcjonalno\u015bci<\/a><br \/>\n3. <a href=\"https:\/\/www.mbc.pl\/wp-content\/uploads\/2022\/12\/Zalacznik-nr-2-Formularz-ofertowy.pdf\">Za\u0142\u0105cznik nr 2 Formularz ofertowy<\/a><br \/>\n4. <a href=\"https:\/\/www.mbc.pl\/wp-content\/uploads\/2022\/12\/Zalacznik-nr-3-Oswiadczenie-o-spelnianiu-warunkow-udzialu-w-postepowaniu.pdf\">Za\u0142\u0105cznik nr 3 O\u015bwiadczenie o spe\u0142nianiu warunk\u00f3w udzia\u0142u w post\u0119powaniu<\/a><br \/>\n5. <a href=\"https:\/\/www.mbc.pl\/wp-content\/uploads\/2022\/12\/Zalacznik-nr-4-Wzor-Umowy.pdf\">Za\u0142\u0105cznik nr 4 Wz\u00f3r Umowy<\/a><\/p>\n<hr \/>\n<p style=\"text-align: center;\"><img loading=\"lazy\" decoding=\"async\" class=\"size-full wp-image-1624 aligncenter\" src=\"https:\/\/www.mbc.pl\/wp-content\/uploads\/2022\/03\/EFRR_kolor_poziom_rgb.png\" alt=\"\" width=\"1261\" height=\"127\" srcset=\"https:\/\/www.mbc.pl\/wp-content\/uploads\/2022\/03\/EFRR_kolor_poziom_rgb.png 1261w, https:\/\/www.mbc.pl\/wp-content\/uploads\/2022\/03\/EFRR_kolor_poziom_rgb-300x30.png 300w, https:\/\/www.mbc.pl\/wp-content\/uploads\/2022\/03\/EFRR_kolor_poziom_rgb-1024x103.png 1024w, https:\/\/www.mbc.pl\/wp-content\/uploads\/2022\/03\/EFRR_kolor_poziom_rgb-768x77.png 768w\" sizes=\"(max-width: 1261px) 100vw, 1261px\" \/><\/p>\n<h5 style=\"text-align: center;\"><strong><br \/>\nMBC Sp\u00f3\u0142ka z ograniczon\u0105 odpowiedzialno\u015bci\u0105 sp\u00f3\u0142ka komandytowa<\/strong><br \/>\nw zwi\u0105zku z realizacj\u0105 projektu dofinansowanego z Funduszy Europejskich pn:<\/h5>\n<p style=\"text-align: center;\"><strong>&#8222;Projektowanie 3D BIM, doposa\u017cenie pracowni projektowych w infrastruktur\u0119 IT oraz wdro\u017cenie systemu zarz\u0105dzania procesami biznesowymi drog\u0105 do wzrostu konkurencyjno\u015bci i rozwoju sp\u00f3\u0142ki&#8221;<\/strong><\/p>\n<p style=\"text-align: center;\">og\u0142asza post\u0119powanie ofertowe nr 1\/EFRR\/3.2\/2022 z dn. 29.03.2022r.<br \/>\nzgodne z zasad\u0105 konkurencyjno\u015bci okre\u015blon\u0105<br \/>\nw Wytycznych z dnia 22 sierpnia 2019 r. w zakresie kwalifikowalno\u015bci wydatk\u00f3w<br \/>\nw ramach Europejskiego Funduszu Rozwoju Regionalnego,<br \/>\nEuropejskiego Funduszu spo\u0142ecznego oraz Funduszu Sp\u00f3jno\u015bci na lata 2014 &#8211; 2020 pn.:<\/p>\n<p style=\"text-align: center;\"><em>&#8222;Dostawa sprz\u0119tu komputerowego wraz z oprogramowaniem dla pracowni projektowych:<br \/>\n<\/em><em>instalacji sanitarnych oraz automatyki, niezb\u0119dnego do projektowania 3D BIM&#8221;.<\/em><\/p>\n<p style=\"text-align: center;\">Zapraszamy do sk\u0142adania ofert.<\/p>\n<p style=\"text-align: center;\"><strong>Termin zg\u0142aszania ofert: 06.04.2022r. do godziny 10:00.<\/strong><\/p>\n<p style=\"text-align: center;\">Szczeg\u00f3\u0142y dotycz\u0105ce post\u0119powania dost\u0119pne s\u0105 pod linkami:<\/p>\n<p style=\"text-align: center;\">1. <a href=\"https:\/\/www.mbc.pl\/wp-content\/uploads\/2022\/03\/220318_Zapytanie-ofertowe-pdf.pdf\" target=\"_blank\" rel=\"noopener\">Zapytanie ofertowe<\/a><\/p>\n<p style=\"text-align: center;\">2. <a href=\"https:\/\/www.mbc.pl\/wp-content\/uploads\/2022\/03\/220325_Szczeglowy-Opis-przedmiotu-zamowienia-AK.pdf\" target=\"_blank\" rel=\"noopener\">Za\u0142\u0105cznik nr 1 &#8211; Szczeg\u00f3\u0142owy Opis Przedmiotu Zam\u00f3wienia<\/a><\/p>\n<p style=\"text-align: center;\">3. <a href=\"https:\/\/www.mbc.pl\/wp-content\/uploads\/2022\/03\/220327_Formularz-Oferty_Tabela-parametrow-technicznych.pdf\" target=\"_blank\" rel=\"noopener\">Za\u0142\u0105cznik nr 2 &#8211; Formularz ofertowy.pdf<\/a><\/p>\n<p style=\"text-align: center;\">4. <a href=\"https:\/\/www.mbc.pl\/wp-content\/uploads\/2022\/03\/220327_Formularz-Oferty_Tabela-parametrow-technicznych.docx\" target=\"_blank\" rel=\"noopener\">Za\u0142\u0105cznik nr 2 &#8211; Formularz ofertowy.doc<\/a><\/p>\n<p style=\"text-align: center;\">5. <a href=\"https:\/\/www.mbc.pl\/wp-content\/uploads\/2022\/03\/220318_Oswiadczenie-o-spelnianiu-warunkow-udzialu.pdf\" target=\"_blank\" rel=\"noopener\">Za\u0142\u0105cznik nr 3 &#8211; O\u015bwiadczenie o spe\u0142nieniu warunk\u00f3w udzia\u0142u w post\u0119powaniu<\/a><\/p>\n<p style=\"text-align: center;\">6. <a href=\"https:\/\/www.mbc.pl\/wp-content\/uploads\/2022\/03\/220318_Oswiadczenie-o-braku-powiazan.pdf\" target=\"_blank\" rel=\"noopener\">Za\u0142\u0105cznik nr 4 &#8211; O\u015bwiadczenie o braku powi\u0105za\u0144<\/a><\/p>\n<p style=\"text-align: center;\">7. <a href=\"https:\/\/www.mbc.pl\/wp-content\/uploads\/2022\/03\/220318_Wzor-umowy-1.pdf\" target=\"_blank\" rel=\"noopener\">Za\u0142\u0105cznik nr 5 &#8211; wz\u00f3r umowy<\/a><\/p>\n<p>&nbsp;<\/p>\n<p>&nbsp;<\/p>\n<hr \/>\n<h5><\/h5>\n<p><img loading=\"lazy\" decoding=\"async\" class=\"size-full wp-image-1624 aligncenter\" src=\"https:\/\/www.mbc.pl\/wp-content\/uploads\/2022\/03\/EFRR_kolor_poziom_rgb.png\" alt=\"\" width=\"1261\" height=\"127\" srcset=\"https:\/\/www.mbc.pl\/wp-content\/uploads\/2022\/03\/EFRR_kolor_poziom_rgb.png 1261w, https:\/\/www.mbc.pl\/wp-content\/uploads\/2022\/03\/EFRR_kolor_poziom_rgb-300x30.png 300w, https:\/\/www.mbc.pl\/wp-content\/uploads\/2022\/03\/EFRR_kolor_poziom_rgb-1024x103.png 1024w, https:\/\/www.mbc.pl\/wp-content\/uploads\/2022\/03\/EFRR_kolor_poziom_rgb-768x77.png 768w\" sizes=\"(max-width: 1261px) 100vw, 1261px\" \/><\/p>\n<p>&nbsp;<\/p>\n<p>&nbsp;<\/p>\n<h5 style=\"text-align: center;\"><strong>PROTOK\u00d3\u0141 Z WYBORU OFERENTA W RAMACH<br \/>\nZAPYTANIA OFERTOWEGO <\/strong>\u00a0<strong>1\/EFRR\/3.2\/2022<\/strong><\/h5>\n<h5 style=\"text-align: center;\"><strong>\u00a0<\/strong><\/h5>\n<h5 style=\"text-align: center;\"><strong>Og\u0142oszenie nr\u00a02022-22737-101320<\/strong><\/h5>\n<h5 style=\"text-align: center;\"><strong>Opublikowane: 29.03.2022r.<\/strong><\/h5>\n<p style=\"text-align: center;\">Dotycz\u0105cy zam\u00f3wienia przeprowadzanego zgodnie z zasad\u0105 konkurencyjno\u015bci okre\u015blon\u0105 w Wytycznych z dnia 22 sierpnia 2019r. w zakresie kwalifikowalno\u015bci wydatk\u00f3w w ramach Europejskiego Funduszu Rozwoju Regionalnego, Europejskiego Funduszu Spo\u0142ecznego oraz Funduszu Sp\u00f3jno\u015bci na lata 2014-2020<\/p>\n<p style=\"text-align: center;\"><strong><em>Dostawa sprz\u0119tu komputerowego wraz z oprogramowaniem dla pracowni projektowych: instalacji sanitarnych oraz automatyki, niezb\u0119dnego do projektowania 3D BIM <\/em><\/strong><\/p>\n<p style=\"text-align: center;\"><strong><em>\u00a0<\/em><\/strong><\/p>\n<p style=\"text-align: center;\"><strong><em>Podmiot prowadz\u0105cy post\u0119powanie (\u201eZamawiaj\u0105cy\u201d):<\/em><\/strong><\/p>\n<p style=\"text-align: center;\"><strong>MBC Sp\u00f3\u0142ka z ograniczon\u0105 odpowiedzialno\u015bci\u0105 sp\u00f3\u0142ka komandytowa z siedzib\u0105 w Siemianowicach \u015al\u0105skich, <\/strong>ul. Olimpijska 7, 41-100 Siemianowice \u015al\u0105skie, NIP: 6292330700, REGON: 240304814,<br \/>\nKRS: 0000769850, BDO: 000283687<\/p>\n<p style=\"text-align: center;\">W celu wy\u0142onienia wykonawc\u00f3w Zamawiaj\u0105cy w dniu 29.03.2022r, og\u0142osi\u0142 zapytanie ofertowe w trybie zam\u00f3wie\u0144 o warto\u015bci powy\u017cej 50.000,00 z\u0142 netto.<\/p>\n<p style=\"text-align: center;\">Post\u0119powanie przeprowadzone zostanie zgodnie z\u00a0zasad\u0105 konkurencyjno\u015bci okre\u015blon\u0105 w\u00a0Wytycznych z\u00a0dnia 21 grudnia\u00a0 2020r. w\u00a0zakresie kwalifikowalno\u015bci wydatk\u00f3w w\u00a0ramach Europejskiego Funduszu Rozwoju Regionalnego, Europejskiego Funduszu Spo\u0142ecznego oraz\u00a0Funduszu Sp\u00f3jno\u015bci na\u00a0lata 2014-2020.<\/p>\n<p style=\"text-align: center;\"><a href=\"https:\/\/www.mbc.pl\/index.php\/protokol-z-wyboru-oferenta\/\">Pe\u0142na tre\u015b\u0107 protoko\u0142u pod linkiem.<\/a><\/p>\n<p style=\"text-align: center;\">\n","protected":false},"excerpt":{"rendered":"<p>MBC Sp\u00f3\u0142ka z ograniczon\u0105 odpowiedzialno\u015bci\u0105 sp\u00f3\u0142ka komandytowa w zwi\u0105zku z realizacj\u0105 projektu dofinansowanego z Funduszy Europejskich pn: &#8222;Dostarczenie, instalacja i wdro\u017cenie oprogramowania do zarz\u0105dzania procesami w Przedsi\u0119biorstwie Zamawiaj\u0105cego&#8221; og\u0142asza przed\u0142u\u017cenie &#8230;<\/p>\n","protected":false},"author":1,"featured_media":0,"parent":0,"menu_order":0,"comment_status":"closed","ping_status":"closed","template":"template-fullwidth.php","meta":{"footnotes":""},"_links":{"self":[{"href":"https:\/\/www.mbc.pl\/index.php\/wp-json\/wp\/v2\/pages\/1612"}],"collection":[{"href":"https:\/\/www.mbc.pl\/index.php\/wp-json\/wp\/v2\/pages"}],"about":[{"href":"https:\/\/www.mbc.pl\/index.php\/wp-json\/wp\/v2\/types\/page"}],"author":[{"embeddable":true,"href":"https:\/\/www.mbc.pl\/index.php\/wp-json\/wp\/v2\/users\/1"}],"replies":[{"embeddable":true,"href":"https:\/\/www.mbc.pl\/index.php\/wp-json\/wp\/v2\/comments?post=1612"}],"version-history":[{"count":24,"href":"https:\/\/www.mbc.pl\/index.php\/wp-json\/wp\/v2\/pages\/1612\/revisions"}],"predecessor-version":[{"id":1853,"href":"https:\/\/www.mbc.pl\/index.php\/wp-json\/wp\/v2\/pages\/1612\/revisions\/1853"}],"wp:attachment":[{"href":"https:\/\/www.mbc.pl\/index.php\/wp-json\/wp\/v2\/media?parent=1612"}],"curies":[{"name":"wp","href":"https:\/\/api.w.org\/{rel}","templated":true}]}}