{"id":10,"date":"2016-03-25T08:55:45","date_gmt":"2016-03-25T07:55:45","guid":{"rendered":"http:\/\/beta.cirocki.pl\/?page_id=10"},"modified":"2023-09-06T13:27:22","modified_gmt":"2023-09-06T11:27:22","slug":"czym-sie-zajmujemy","status":"publish","type":"page","link":"https:\/\/www.mbc.pl\/index.php\/czym-sie-zajmujemy\/","title":{"rendered":"Czym si\u0119 zajmujemy?"},"content":{"rendered":"<h4>CZYM SI\u0118 ZAJMUJEMY<\/h4>\n<ul>\n<li>Instalacje wentylacyjne<\/li>\n<li>Instalacje klimatyzacyjne<\/li>\n<li>Instalacje ch\u0142odnicze, grzewcze i wodno-kanalizacyjne<\/li>\n<li>Uk\u0142ady automatyki i sterowania system\u00f3w HVAC<\/li>\n<li>Nadrz\u0119dne uk\u0142ady sterowania i automatyki budynk\u00f3w BMS<\/li>\n<li>Wiele innych&#8230;<\/li>\n<\/ul>\n<p>&nbsp;<\/p>\n<p>&nbsp;<\/p>\n<h4>NAGRODY I WYR\u00d3\u017bNIENIA<\/h4>\n<p><img loading=\"lazy\" decoding=\"async\" class=\"alignnone wp-image-1297 size-large\" src=\"https:\/\/www.mbc.pl\/wp-content\/uploads\/2020\/03\/Pascal-dyplom-714x1024.png\" alt=\"\" width=\"714\" height=\"1024\" srcset=\"https:\/\/www.mbc.pl\/wp-content\/uploads\/2020\/03\/Pascal-dyplom-714x1024.png 714w, https:\/\/www.mbc.pl\/wp-content\/uploads\/2020\/03\/Pascal-dyplom-209x300.png 209w, https:\/\/www.mbc.pl\/wp-content\/uploads\/2020\/03\/Pascal-dyplom-768x1102.png 768w, https:\/\/www.mbc.pl\/wp-content\/uploads\/2020\/03\/Pascal-dyplom.png 1705w\" sizes=\"(max-width: 714px) 100vw, 714px\" \/><\/p>\n","protected":false},"excerpt":{"rendered":"<p>CZYM SI\u0118 ZAJMUJEMY Instalacje wentylacyjne Instalacje klimatyzacyjne Instalacje ch\u0142odnicze, grzewcze i wodno-kanalizacyjne Uk\u0142ady automatyki i sterowania system\u00f3w HVAC Nadrz\u0119dne uk\u0142ady sterowania i automatyki budynk\u00f3w BMS Wiele innych&#8230; &nbsp; &nbsp; NAGRODY &#8230;<\/p>\n","protected":false},"author":1,"featured_media":0,"parent":0,"menu_order":0,"comment_status":"closed","ping_status":"closed","template":"","meta":{"footnotes":""},"_links":{"self":[{"href":"https:\/\/www.mbc.pl\/index.php\/wp-json\/wp\/v2\/pages\/10"}],"collection":[{"href":"https:\/\/www.mbc.pl\/index.php\/wp-json\/wp\/v2\/pages"}],"about":[{"href":"https:\/\/www.mbc.pl\/index.php\/wp-json\/wp\/v2\/types\/page"}],"author":[{"embeddable":true,"href":"https:\/\/www.mbc.pl\/index.php\/wp-json\/wp\/v2\/users\/1"}],"replies":[{"embeddable":true,"href":"https:\/\/www.mbc.pl\/index.php\/wp-json\/wp\/v2\/comments?post=10"}],"version-history":[{"count":4,"href":"https:\/\/www.mbc.pl\/index.php\/wp-json\/wp\/v2\/pages\/10\/revisions"}],"predecessor-version":[{"id":1739,"href":"https:\/\/www.mbc.pl\/index.php\/wp-json\/wp\/v2\/pages\/10\/revisions\/1739"}],"wp:attachment":[{"href":"https:\/\/www.mbc.pl\/index.php\/wp-json\/wp\/v2\/media?parent=10"}],"curies":[{"name":"wp","href":"https:\/\/api.w.org\/{rel}","templated":true}]}}